{"id":8778,"date":"2026-05-04T17:28:34","date_gmt":"2026-05-04T17:28:34","guid":{"rendered":"https:\/\/www.flextrade.net\/?page_id=8778"},"modified":"2026-05-04T18:40:30","modified_gmt":"2026-05-04T18:40:30","slug":"proyecto-google-para-educacion-colegio-san-fernando-2026-2027","status":"publish","type":"page","link":"https:\/\/www.flextrade.net\/?page_id=8778","title":{"rendered":"Proyecto Google para Educaci\u00f3n Colegio San Fernando 2026 &#8211; 2027"},"content":{"rendered":"<h3>Gracias<\/h3>\n<p>al <a href=\"http:\/\/www.sanfer.es\">Colegio San Fernando<\/a> y a su Comunidad, por renovar su confianza en nosotros para continuar con el desarrollo de la plataforma<a href=\"https:\/\/edu.google.com\/intl\/es-419\/?modal_active=none\"> <em>Google for Education<\/em><\/a> en el ejercicio 2026 &#8211; 2027.<br \/>\nLa apuesta por la renovaci\u00f3n tecnol\u00f3gica que el centro ha impulsado en estos a\u00f1os recientes, ha permitido reducir el impacto en la din\u00e1mica acad\u00e9mica, dejando probados resultados de una buena planificaci\u00f3n, as\u00ed como la eficacia de la soluci\u00f3n elegida.<\/p>\n<p>A continuaci\u00f3n varios puntos relativos a los aspectos esenciales:<\/p>\n<h3>Plataforma:<\/h3>\n<p>La plataforma seleccionada, ya en uso en el Colegio, es <a href=\"https:\/\/edu.google.com\/intl\/ALL_es\/workspace-for-education\/editions\/overview\/\">Google Workspace for Education<\/a>. En 2021 se estimaba un n\u00famero de 150 millones de usuarios en el mundo.<\/p>\n<p>Medios de la plataforma:<\/p>\n<h3>Google Workspace for Education<\/h3>\n<p><span style=\"color: #3366ff;\"><a style=\"color: #3366ff;\" href=\"https:\/\/edu.google.com\/intl\/ALL_es\/products\/workspace-for-education\/education-fundamentals\/\"><em>Google Workspace for Education<\/em> <\/a><\/span>es un conjunto de herramientas de productividad gratuitas para la colaboraci\u00f3n en el entorno acad\u00e9mico. Entre sus aplicaciones cabe destacar:<\/p>\n<ul>\n<li>Classroom<\/li>\n<li>Meet<\/li>\n<li>Gmail<\/li>\n<li>Drive<\/li>\n<li>Calendar<\/li>\n<li>Documentos<\/li>\n<li>Hojas de C\u00e1lculo<\/li>\n<li>Formularios<\/li>\n<li>Presentaciones<\/li>\n<li>Jamboard<\/li>\n<\/ul>\n<h3>Chromebook para educaci\u00f3n<\/h3>\n<p>Un <span style=\"color: #ffcc00;\"><a style=\"color: #ffcc00;\" href=\"https:\/\/www.google.com\/chromebook\/\"><span style=\"color: #3366ff;\">Chromebook<\/span> <\/a><\/span>es un ordenador\u00a0con dise\u00f1o optimizado para el entorno educativo y para la ejecuci\u00f3n del sistema operativo <span style=\"color: #3366ff;\"><a style=\"color: #3366ff;\" href=\"https:\/\/es.wikipedia.org\/wiki\/Chrome_OS\">Chrome OS<\/a><\/span>. Suele caracterizarse por su dise\u00f1o simple y robusto, sin ventiladores y con gran autonom\u00eda de bater\u00edas.<\/p>\n<p>Algunas de las preguntas y respuestas frecuentes acerca de los Chromebooks se pueden encontrar <span style=\"color: #99cc00;\"><a style=\"color: #99cc00;\" href=\"https:\/\/support.google.com\/chromebook\/answer\/3265094?hl=es\"><span style=\"color: #3366ff;\">aqu\u00ed<\/span>.<\/a><\/span><\/p>\n<h3>Consola de gesti\u00f3n de dispositivos Google<\/h3>\n<p>La <em>licencia de administraci\u00f3n de equipos Googl<\/em>e da acceso a los responsables del Departamento de Inform\u00e1tica del Colegio a la Consola de Gesti\u00f3n de Equipos Google, que a su vez permite configurar y gestionar los Chromebooks. Posibilita, entre otras funciones la creaci\u00f3n de grupos de usuarios, preinstalaci\u00f3n y bloqueo de aplicaciones, gesti\u00f3n de dispositivos, gesti\u00f3n de usuarios, configuraci\u00f3n de redes y personalizaci\u00f3n del entorno de los usuarios.<\/p>\n<h3>Chromebooks para el Colegio San Fernando:<\/h3>\n<p>Se ha seleccionado el modelo C723 de la marca Acer en su configuraci\u00f3n de 4GB de RAM y 32 GB de eMMC. Sus caracter\u00edsticas se detallan en los documentos que se pueden descargar en los v\u00ednculos. De entre ellas, cabe destacar su ligereza, dimensiones adecuadas al espacio de trabajo y una robustez comprobada en pruebas <a href=\"https:\/\/en.wikipedia.org\/wiki\/MIL-STD-810\">MIL-STD 810H<\/a>. Este a\u00f1o se incorporan nuevas soluciones para mejorar la resistencia del dispositivo a las exigentes condiciones de uso.<\/p>\n<h4><a href=\"http:\/\/www.flextrade.net\/wp-content\/uploads\/2024\/05\/Acer-Chromebook-C723-Catalogo-Flextrade-2024.pdf\">Acer Chromebook C723 &#8211; Cat\u00e1logo Flextrade 2026<\/a><\/h4>\n<h3>Suministro y servicios asociados<\/h3>\n<p>Flextrade comercializa actualmente los elementos ya mencionados con los siguientes precios:<\/p>\n<ul>\n<li>Chromebook Acer modelo C723 con 4 GB de memoria RAM y 32 GB de almacenamiento eMMC. El precio del dispositivo se detalla en la tabla\u00a0IVA incluido.<\/li>\n<li>Licencia de administraci\u00f3n de equipos Google\u00a0 IVA incluido<\/li>\n<\/ul>\n<p>La licencia de administraci\u00f3n es necesaria para la integraci\u00f3n del Chromebook en el centro. Su puesta en marcha, gesti\u00f3n y registro de accesos es gratuita para los equipos comercializados por Flextrade.<\/p>\n<p>En el marco del acuerdo de colaboraci\u00f3n, Flextrade se compromete a mantener un n\u00famero limitado de equipos de sustituci\u00f3n para los equipos comercializados que resulten averiados en per\u00edodo de garant\u00eda, o en proceso de reparaci\u00f3n.<\/p>\n<h3>Ampliaciones de Garant\u00eda<\/h3>\n<p>Para su tranquilidad es posible extender la garant\u00eda comercial por un tiempo m\u00e1s largo y tambi\u00e9n incluir da\u00f1os accidentales limitados con una peque\u00f1a franquicia.<\/p>\n<p>Los precios y opciones disponibles seg\u00fan el cuadro siguiente:<\/p>\n<table style=\"height: 292px;\" width=\"523\">\n<tbody>\n<tr>\n<td width=\"332\"><\/td>\n<td width=\"66\">3 a\u00f1os<\/td>\n<td width=\"66\">4 a\u00f1os<\/td>\n<td width=\"66\">5 a\u00f1os<\/td>\n<\/tr>\n<tr>\n<td width=\"332\">Ampliaci\u00f3n de garant\u00eda comercial incluyendo da\u00f1os accidentales limitados con franquicia (*)<\/td>\n<td style=\"text-align: center;\" width=\"66\">\u00a0\u00a0 74 \u20ac<\/td>\n<td style=\"text-align: center;\" width=\"66\">90 \u20ac<\/td>\n<td style=\"text-align: center;\" width=\"66\">129 \u20ac<\/td>\n<\/tr>\n<tr>\n<td width=\"332\">Ampliaci\u00f3n de garant\u00eda comercial incluyendo da\u00f1os accidentales limitados sin franquicia (*)<\/td>\n<td style=\"text-align: center;\" width=\"66\">\u00a0\u00a0 90 \u20ac<\/td>\n<td style=\"text-align: center;\" width=\"66\">129 \u20ac<\/td>\n<td style=\"text-align: center;\" width=\"66\">162 \u20ac<\/td>\n<\/tr>\n<\/tbody>\n<\/table>\n<p>(*) El condicionado completo est\u00e1 a su disposici\u00f3n en nuestras instalaciones. El n\u00famero m\u00e1ximo de siniestros o roturas es igual al del n\u00famero de a\u00f1os contratado.<\/p>\n<h3>Financiaci\u00f3n<\/h3>\n<p>Es posible financiar los equipos y servicios entre 3 y 12 meses a trav\u00e9s de nuestro acuerdo de colaboraci\u00f3n con la <a href=\"http:\/\/www.cajaruraldeasturias.com\" target=\"_blank\" rel=\"noopener noreferrer\">Caja Rural de Asturias<\/a>.\u00a0Para compras de m\u00e1s de un equipo\u00a0la financiaci\u00f3n se puede extender a per\u00edodos mayores. La tabla de precios inferior se refiere a los equipos comercializados con reserva previa.<\/p>\n<table style=\"border-collapse: collapse; width: 855pt;\" width=\"1140\">\n<colgroup>\n<col style=\"width: 341pt;\" width=\"454\" \/>\n<col style=\"width: 74pt;\" span=\"7\" width=\"98\" \/> <\/colgroup>\n<tbody>\n<tr style=\"height: 30.75pt;\">\n<td class=\"xl124\" style=\"width: 341pt; height: 30.75pt;\" width=\"454\" height=\"41\">Producto<\/td>\n<td class=\"xl125\" style=\"width: 74pt;\" width=\"98\">PVP IVA Incluido<\/td>\n<td class=\"xl129\" style=\"width: 74pt;\" width=\"98\">Financiado a 6 meses<\/td>\n<td class=\"xl125\" style=\"width: 74pt;\" width=\"98\">Cuota inicial<\/td>\n<td class=\"xl130\" style=\"width: 74pt;\" width=\"98\">Resto 5 cuotas<\/td>\n<td class=\"xl129\" style=\"width: 74pt;\" width=\"98\">Financiado a 12 meses<\/td>\n<td class=\"xl125\" style=\"width: 74pt;\" width=\"98\">Cuota inicial<\/td>\n<td class=\"xl130\" style=\"width: 74pt;\" width=\"98\">Resto 11 cuotas<\/td>\n<\/tr>\n<tr style=\"height: 30.0pt;\">\n<td class=\"xl123\" style=\"width: 341pt; height: 30.0pt;\" width=\"454\" height=\"40\">Chromebook + Licencia<\/td>\n<td class=\"xl118\" align=\"right\">361,09\u00a0\u20ac<\/td>\n<td class=\"xl33\" align=\"right\">370,12\u00a0\u20ac<\/td>\n<td align=\"right\">69,21\u00a0\u20ac<\/td>\n<td class=\"xl35\" align=\"right\">60,18\u00a0\u20ac<\/td>\n<td class=\"xl33\" align=\"right\">379,14\u00a0\u20ac<\/td>\n<td align=\"right\">48,15\u00a0\u20ac<\/td>\n<td class=\"xl35\" align=\"right\">30,09\u00a0\u20ac<\/td>\n<\/tr>\n<tr style=\"height: 15.0pt;\">\n<td class=\"xl121\" style=\"width: 341pt; height: 15.0pt;\" width=\"454\" height=\"20\">Chromebook + Licencia + Ampliaci\u00f3n de garant\u00eda comercial a <strong>3<\/strong> a\u00f1os incluyendo da\u00f1os accidentales limitados <strong>con<\/strong> franquicia (*)<\/td>\n<td class=\"xl118\" align=\"right\">435,09 \u20ac<\/td>\n<td class=\"xl33\" align=\"right\">445,97 \u20ac<\/td>\n<td align=\"right\">83,39 \u20ac<\/td>\n<td class=\"xl35\" align=\"right\">72,52 \u20ac<\/td>\n<td class=\"xl33\" align=\"right\">456,84\u20ac<\/td>\n<td align=\"right\">58,01 \u20ac<\/td>\n<td class=\"xl35\" align=\"right\">36,26 \u20ac<\/td>\n<\/tr>\n<tr style=\"height: 15.0pt;\">\n<td class=\"xl121\" style=\"width: 341pt; height: 15.0pt;\" width=\"454\" height=\"20\">Chromebook + Licencia + Ampliaci\u00f3n de garant\u00eda comercial a <strong>4<\/strong> a\u00f1os incluyendo da\u00f1os accidentales limitados <strong>con<\/strong> franquicia (*)<\/td>\n<td class=\"xl118\" align=\"right\">490,09 \u20ac<\/td>\n<td class=\"xl33\" align=\"right\">502,34 \u20ac<\/td>\n<td align=\"right\">93,93 \u20ac<\/td>\n<td class=\"xl35\" align=\"right\">81,68 \u20ac<\/td>\n<td class=\"xl33\" align=\"right\">514,59 \u20ac<\/td>\n<td align=\"right\">65,35 \u20ac<\/td>\n<td class=\"xl35\" align=\"right\">37,59\u20ac<\/td>\n<\/tr>\n<tr style=\"height: 30.0pt;\">\n<td class=\"xl121\" style=\"width: 341pt; height: 30.0pt;\" width=\"454\" height=\"40\">Chromebook + Licencia + Ampliaci\u00f3n de garant\u00eda comercial a <strong>5<\/strong> a\u00f1os incluyendo da\u00f1os accidentales limitados <strong>con<\/strong> franquicia (*)<\/td>\n<td class=\"xl118\" align=\"right\">470,09 \u20ac<\/td>\n<td class=\"xl33\" align=\"right\">481,85 \u20ac<\/td>\n<td align=\"right\">90,10 \u20ac<\/td>\n<td class=\"xl35\" align=\"right\">78,35 \u20ac<\/td>\n<td class=\"xl33\" align=\"right\">493,55 \u20ac<\/td>\n<td align=\"right\">62,68 \u20ac<\/td>\n<td class=\"xl35\" align=\"right\">39,17 \u20ac<\/td>\n<\/tr>\n<tr style=\"height: 30.0pt;\">\n<td class=\"xl121\" style=\"width: 341pt; height: 30.0pt;\" width=\"454\" height=\"40\">Chromebook + Licencia + Ampliaci\u00f3n de garant\u00eda comercial a <strong>3<\/strong> a\u00f1os incluyendo da\u00f1os accidentales limitados <strong>sin<\/strong> franquicia (*)<\/td>\n<td class=\"xl118\" align=\"right\">451,09 \u20ac<\/td>\n<td class=\"xl33\" align=\"right\">462,37 \u20ac<\/td>\n<td align=\"right\">86,46 \u20ac<\/td>\n<td class=\"xl35\" align=\"right\">75,18 \u20ac<\/td>\n<td class=\"xl33\" align=\"right\">473,64 \u20ac<\/td>\n<td align=\"right\">60,15 \u20ac<\/td>\n<td class=\"xl35\" align=\"right\">37,59 \u20ac<\/td>\n<\/tr>\n<tr style=\"height: 30.0pt;\">\n<td class=\"xl121\" style=\"width: 341pt; height: 30.0pt;\" width=\"454\" height=\"40\">Chromebook + Licencia + Ampliaci\u00f3n de garant\u00eda comercial a <strong>4<\/strong> a\u00f1os incluyendo da\u00f1os accidentales limitados<strong> sin<\/strong> franquicia (*)<\/td>\n<td class=\"xl118\" align=\"right\">490,09 \u20ac<\/td>\n<td class=\"xl33\" align=\"right\">502,34 \u20ac<\/td>\n<td align=\"right\">92,93 \u20ac<\/td>\n<td class=\"xl35\" align=\"right\">81,68 \u20ac<\/td>\n<td class=\"xl33\" align=\"right\">514,59 \u20ac<\/td>\n<td align=\"right\">65,35 \u20ac<\/td>\n<td class=\"xl35\" align=\"right\">40,84 \u20ac<\/td>\n<\/tr>\n<tr style=\"height: 30.75pt;\">\n<td class=\"xl122\" style=\"width: 341pt; height: 30.75pt;\" width=\"454\" height=\"41\">Chromebook + Licencia + Ampliaci\u00f3n de garant\u00eda comercial a <strong>5<\/strong> a\u00f1os incluyendo da\u00f1os accidentales limitados <strong>sin<\/strong> franquicia (*)<\/td>\n<td class=\"xl119\" align=\"right\">523,09 \u20ac<\/td>\n<td class=\"xl36\" align=\"right\">536,17 \u20ac<\/td>\n<td class=\"xl37\" align=\"right\">100,26 \u20ac<\/td>\n<td class=\"xl38\" align=\"right\">87,18 \u20ac<\/td>\n<td class=\"xl36\" align=\"right\">549,24 \u20ac<\/td>\n<td class=\"xl37\" align=\"right\">69,75 \u20ac<\/td>\n<td class=\"xl38\" align=\"right\">43,59 \u20ac<\/td>\n<\/tr>\n<\/tbody>\n<\/table>\n<p><strong>La financiaci\u00f3n est\u00e1 sujeta a la aprobaci\u00f3n y condiciones de la <a href=\"http:\/\/www.cajaruraldeasturias.com\" target=\"_blank\" rel=\"noopener noreferrer\">Caja Rural de Asturias<\/a>.<\/strong><\/p>\n<h3>Calendario de acciones<\/h3>\n<p>Con el fin de garantizar la disponibilidad de Chromebooks y licencias, es necesario efectuar una reserva previa, formalizando el pedido y efectuando el pago de una se\u00f1al en met\u00e1lico de 40\u20ac antes del 30 de Junio. Disponemos tambi\u00e9n de unidades que pueden servirse de inmediato si se requiere. Se dar\u00e1 aviso previo para la recogida de los equipos y su puesta en marcha\u00a0a finales de agosto o principios de septiembre.<\/p>\n<h3>Preguntas frecuentes<\/h3>\n<ul>\n<li>\u00bfPuedo utilizar la plataforma Google for Education con un Netbook? Para usar todas las funciones de la plataforma es necesario espec\u00edficamente un\u00a0Chromebook. S\u00f3lo los dispositivos Chromebook se unir\u00e1n al dominio del centro.<\/li>\n<li>\u00bfPuedo instalar Chrome OS en un dispositivo diferente a un Chromebook tal como un PC compatible, un port\u00e1til dise\u00f1ado para Windows o un iPad entre otros? Seg\u00fan se <a href=\"https:\/\/en.wikipedia.org\/wiki\/Chrome_OS\">rese\u00f1a en la wikipedia<\/a>: El sistema operativo Chrome OS s\u00f3lo est\u00e1 disponible preinstalado en dispositivos de los fabricantes asociados a Google.<em> \u00abChrome OS is only available pre-installed on hardware from Google manufacturing partners.\u00bb<\/em><\/li>\n<li>\u00bfIncrementar\u00e1 el peso en mochila el uso de estos dispositivos? El uso de Chromebooks permite trabajar con libros, materiales y contenidos propios en formato digital. Esta din\u00e1mica posibilitar\u00e1 la reducci\u00f3n del peso a transportar en lugar de su incremento.<\/li>\n<li>\u00bfHay alguna ventaja econ\u00f3mica en el uso de esta plataforma? Si bien hay un coste inicial de adquisici\u00f3n, se posibilita el acceso a libros en formato digital, materiales de libre acceso y contenidos digitales.<\/li>\n<li>\u00bfC\u00f3mo acceden a la red los Chromebooks cuando est\u00e1n en el Colegio? A trav\u00e9s de la red Wi-Fi del propio centro, la cual dispone de firewalls avanzados y filtrado de contenidos para limitar el acceso a sitios no adecuados.<\/li>\n<li>\u00bfC\u00f3mo puedo conectar mi impresora al Chromebook? Google Cloud Print ha dejado de operar a principios del a\u00f1o 2021. El procedimiento actual se describe en esta p\u00e1gina de ayuda de Google: <a href=\"https:\/\/support.google.com\/chromebook\/answer\/7225252?hl=es-419\">\u00abC\u00f3mo configurar una impresora\u00bb<\/a><\/li>\n<\/ul>\n<p>Atentamente<\/p>\n<p>Flextrade, S.L.U.<\/p>\n","protected":false},"excerpt":{"rendered":"<p>Gracias al Colegio San Fernando y a su Comunidad, por renovar su confianza en nosotros para continuar con el desarrollo de la plataforma Google for Education en el ejercicio 2026 &#8211; 2027. La apuesta por la renovaci\u00f3n tecnol\u00f3gica que el centro ha impulsado en estos a\u00f1os recientes, ha permitido reducir el impacto en la din\u00e1mica [&hellip;]<\/p>\n","protected":false},"author":1,"featured_media":0,"parent":0,"menu_order":0,"comment_status":"closed","ping_status":"closed","template":"page.php","meta":{"footnotes":""},"class_list":["post-8778","page","type-page","status-publish","hentry"],"_links":{"self":[{"href":"https:\/\/www.flextrade.net\/index.php?rest_route=\/wp\/v2\/pages\/8778","targetHints":{"allow":["GET"]}}],"collection":[{"href":"https:\/\/www.flextrade.net\/index.php?rest_route=\/wp\/v2\/pages"}],"about":[{"href":"https:\/\/www.flextrade.net\/index.php?rest_route=\/wp\/v2\/types\/page"}],"author":[{"embeddable":true,"href":"https:\/\/www.flextrade.net\/index.php?rest_route=\/wp\/v2\/users\/1"}],"replies":[{"embeddable":true,"href":"https:\/\/www.flextrade.net\/index.php?rest_route=%2Fwp%2Fv2%2Fcomments&post=8778"}],"version-history":[{"count":5,"href":"https:\/\/www.flextrade.net\/index.php?rest_route=\/wp\/v2\/pages\/8778\/revisions"}],"predecessor-version":[{"id":8799,"href":"https:\/\/www.flextrade.net\/index.php?rest_route=\/wp\/v2\/pages\/8778\/revisions\/8799"}],"wp:attachment":[{"href":"https:\/\/www.flextrade.net\/index.php?rest_route=%2Fwp%2Fv2%2Fmedia&parent=8778"}],"curies":[{"name":"wp","href":"https:\/\/api.w.org\/{rel}","templated":true}]}}